{"id":281,"date":"2026-03-24T17:24:20","date_gmt":"2026-03-24T16:24:20","guid":{"rendered":"https:\/\/www.bumerank.pl\/?page_id=281"},"modified":"2026-03-25T09:42:24","modified_gmt":"2026-03-25T08:42:24","slug":"safetica-system-dlp","status":"publish","type":"page","link":"https:\/\/www.bumerank.pl\/?page_id=281","title":{"rendered":"Safetica System DLP"},"content":{"rendered":"\t\t<div data-elementor-type=\"wp-page\" data-elementor-id=\"281\" class=\"elementor elementor-281\" data-elementor-post-type=\"page\">\n\t\t\t\t<div class=\"elementor-element elementor-element-e3789b3 e-flex e-con-boxed magic-button-disabled-no e-con e-parent\" data-id=\"e3789b3\" data-element_type=\"container\" data-e-type=\"container\">\n\t\t\t\t\t<div class=\"e-con-inner\">\n\t\t<div class=\"elementor-element elementor-element-7998fc2 e-con-full e-flex magic-button-disabled-no e-con e-child\" data-id=\"7998fc2\" data-element_type=\"container\" data-e-type=\"container\">\n\t\t\t\t<div class=\"elementor-element elementor-element-18f130e elementor-widget elementor-widget-image\" data-id=\"18f130e\" data-element_type=\"widget\" data-e-type=\"widget\" data-widget_type=\"image.default\">\n\t\t\t\t\t\t\t\t\t\t\t\t\t\t\t\t<a href=\"https:\/\/www.bumerank.pl\/\">\n\t\t\t\t\t\t\t<img loading=\"lazy\" decoding=\"async\" width=\"688\" height=\"185\" src=\"https:\/\/www.bumerank.pl\/wp-content\/uploads\/2026\/01\/cropped-KURS-22.png\" class=\"attachment-large size-large wp-image-254\" alt=\"\" srcset=\"https:\/\/www.bumerank.pl\/wp-content\/uploads\/2026\/01\/cropped-KURS-22.png 688w, https:\/\/www.bumerank.pl\/wp-content\/uploads\/2026\/01\/cropped-KURS-22-300x81.png 300w\" sizes=\"auto, (max-width: 688px) 100vw, 688px\" \/>\t\t\t\t\t\t\t\t<\/a>\n\t\t\t\t\t\t\t\t\t\t\t\t\t\t\t<\/div>\n\t\t\t\t<\/div>\n\t\t<div class=\"elementor-element elementor-element-898b9a2 e-con-full e-flex magic-button-disabled-no e-con e-child\" data-id=\"898b9a2\" data-element_type=\"container\" data-e-type=\"container\">\n\t\t\t\t<div class=\"elementor-element elementor-element-4736593 elementor-widget elementor-widget-heading\" data-id=\"4736593\" data-element_type=\"widget\" data-e-type=\"widget\" data-widget_type=\"heading.default\">\n\t\t\t\t\t<h2 class=\"elementor-heading-title elementor-size-default\">CYBERBEZPIECZE\u0143STWO\nTechnologia to nasza druga natura<\/h2>\t\t\t\t<\/div>\n\t\t\t\t<\/div>\n\t\t\t\t\t<\/div>\n\t\t\t\t<\/div>\n\t\t<div class=\"elementor-element elementor-element-63858c5 e-flex e-con-boxed magic-button-disabled-no e-con e-parent\" data-id=\"63858c5\" data-element_type=\"container\" data-e-type=\"container\">\n\t\t\t\t\t<div class=\"e-con-inner\">\n\t\t\t\t<div class=\"elementor-element elementor-element-b16825d elementor-widget elementor-widget-image\" data-id=\"b16825d\" data-element_type=\"widget\" data-e-type=\"widget\" data-widget_type=\"image.default\">\n\t\t\t\t\t\t\t\t\t\t\t\t\t\t\t<img decoding=\"async\" src=\"https:\/\/www.bumerank.pl\/wp-content\/uploads\/2026\/03\/bg-context.png\" title=\"bg-context\" alt=\"bg-context\" loading=\"lazy\" \/>\t\t\t\t\t\t\t\t\t\t\t\t\t\t\t<\/div>\n\t\t\t\t\t<\/div>\n\t\t\t\t<\/div>\n\t\t<div class=\"elementor-element elementor-element-c5aeb74 e-flex e-con-boxed magic-button-disabled-no e-con e-parent\" data-id=\"c5aeb74\" data-element_type=\"container\" data-e-type=\"container\">\n\t\t\t\t\t<div class=\"e-con-inner\">\n\t\t<div class=\"elementor-element elementor-element-5895c76 e-con-full e-flex magic-button-disabled-no e-con e-child\" data-id=\"5895c76\" data-element_type=\"container\" data-e-type=\"container\">\n\t\t\t\t<div class=\"elementor-element elementor-element-84ad877 elementor-widget elementor-widget-heading\" data-id=\"84ad877\" data-element_type=\"widget\" data-e-type=\"widget\" data-widget_type=\"heading.default\">\n\t\t\t\t\t<h2 class=\"elementor-heading-title elementor-size-default\">Systemy DLP dla firm.\nSkuteczna ochrona\ndanych z Safetic<\/h2>\t\t\t\t<\/div>\n\t\t\t\t<div class=\"elementor-element elementor-element-7efebe8 elementor-widget elementor-widget-text-editor\" data-id=\"7efebe8\" data-element_type=\"widget\" data-e-type=\"widget\" data-widget_type=\"text-editor.default\">\n\t\t\t\t\t\t\t\t\tPrzejmij pe\u0142n\u0105 kontrol\u0119 nad bezpiecze\u0144stwem\ndanych z systemem DLP<br\/>\nDzi\u0119ki nowoczesnym systemom DLP mo\u017cesz w pe\u0142ni kontrolowa\u0107 bezpiecze\u0144stwo wra\u017cliwych danych <br\/>\u2013 od ich lokalizacji, przez wykrywanie zagro\u017ce\u0144, <br\/>po reagowanie na incydenty.\t\t\t\t\t\t\t\t<\/div>\n\t\t\t\t<div class=\"elementor-element elementor-element-bdb298b elementor-align-justify elementor-widget elementor-widget-button\" data-id=\"bdb298b\" data-element_type=\"widget\" data-e-type=\"widget\" data-widget_type=\"button.default\">\n\t\t\t\t\t\t\t\t\t\t<a class=\"elementor-button elementor-button-link elementor-size-sm\" href=\"#\">\n\t\t\t\t\t\t<span class=\"elementor-button-content-wrapper\">\n\t\t\t\t\t\t\t\t\t<span class=\"elementor-button-text\">Webinarium <\/span>\n\t\t\t\t\t<\/span>\n\t\t\t\t\t<\/a>\n\t\t\t\t\t\t\t\t<\/div>\n\t\t\t\t<div class=\"elementor-element elementor-element-91611af elementor-widget elementor-widget-n-accordion\" data-id=\"91611af\" data-element_type=\"widget\" data-e-type=\"widget\" data-settings=\"{&quot;default_state&quot;:&quot;expanded&quot;,&quot;max_items_expended&quot;:&quot;one&quot;,&quot;n_accordion_animation_duration&quot;:{&quot;unit&quot;:&quot;ms&quot;,&quot;size&quot;:400,&quot;sizes&quot;:[]}}\" data-widget_type=\"nested-accordion.default\">\n\t\t\t\t\t\t\t<div class=\"e-n-accordion\" aria-label=\"Accordion. Open links with Enter or Space, close with Escape, and navigate with Arrow Keys\">\n\t\t\t\t\t\t<details id=\"e-n-accordion-item-1520\" class=\"e-n-accordion-item\" open>\n\t\t\t\t<summary class=\"e-n-accordion-item-title\" data-accordion-index=\"1\" tabindex=\"0\" aria-expanded=\"true\" aria-controls=\"e-n-accordion-item-1520\" >\n\t\t\t\t\t<span class='e-n-accordion-item-title-header'><div class=\"e-n-accordion-item-title-text\"> Safetica - pocz\u0105tki z DLP, czyli jak rozpocz\u0105\u0107 prac\u0119 nad ochron\u0105 danych 30 min <\/div><\/span>\n\t\t\t\t\t\t\t<span class='e-n-accordion-item-title-icon'>\n\t\t\t<span class='e-opened' ><svg aria-hidden=\"true\" class=\"e-font-icon-svg e-fas-minus\" viewBox=\"0 0 448 512\" xmlns=\"http:\/\/www.w3.org\/2000\/svg\"><path d=\"M416 208H32c-17.67 0-32 14.33-32 32v32c0 17.67 14.33 32 32 32h384c17.67 0 32-14.33 32-32v-32c0-17.67-14.33-32-32-32z\"><\/path><\/svg><\/span>\n\t\t\t<span class='e-closed'><svg aria-hidden=\"true\" class=\"e-font-icon-svg e-fas-plus\" viewBox=\"0 0 448 512\" xmlns=\"http:\/\/www.w3.org\/2000\/svg\"><path d=\"M416 208H272V64c0-17.67-14.33-32-32-32h-32c-17.67 0-32 14.33-32 32v144H32c-17.67 0-32 14.33-32 32v32c0 17.67 14.33 32 32 32h144v144c0 17.67 14.33 32 32 32h32c17.67 0 32-14.33 32-32V304h144c17.67 0 32-14.33 32-32v-32c0-17.67-14.33-32-32-32z\"><\/path><\/svg><\/span>\n\t\t<\/span>\n\n\t\t\t\t\t\t<\/summary>\n\t\t\t\t<div role=\"region\" aria-labelledby=\"e-n-accordion-item-1520\" class=\"elementor-element elementor-element-d35bcbb e-con-full e-flex magic-button-disabled-no e-con e-child\" data-id=\"d35bcbb\" data-element_type=\"container\" data-e-type=\"container\">\n\t\t\t\t<div class=\"elementor-element elementor-element-f8591b0 elementor-widget elementor-widget-text-editor\" data-id=\"f8591b0\" data-element_type=\"widget\" data-e-type=\"widget\" data-widget_type=\"text-editor.default\">\n\t\t\t\t\t\t\t\t\t<iframe src=\"https:\/\/events.dagma.eu\/-\/meeting-link\/embedded\/_kdkskEQAgU79oHNNnsWFjiEMmTn9EMzGYc5oPUDpMXSR-hMTRV36vZtVxKZZjG7amdVuCCqTYkwjBO6-ezj\" style=\"height: 800px; width:100%;\" frameborder=\"0\"><\/iframe>\t\t\t\t\t\t\t\t<\/div>\n\t\t\t\t<\/div>\n\t\t\t\t\t<\/details>\n\t\t\t\t\t\t<details id=\"e-n-accordion-item-1521\" class=\"e-n-accordion-item\" >\n\t\t\t\t<summary class=\"e-n-accordion-item-title\" data-accordion-index=\"2\" tabindex=\"-1\" aria-expanded=\"false\" aria-controls=\"e-n-accordion-item-1521\" >\n\t\t\t\t\t<span class='e-n-accordion-item-title-header'><div class=\"e-n-accordion-item-title-text\"> Safetica - poznaj DLP w kwadrans! <\/div><\/span>\n\t\t\t\t\t\t\t<span class='e-n-accordion-item-title-icon'>\n\t\t\t<span class='e-opened' ><svg aria-hidden=\"true\" class=\"e-font-icon-svg e-fas-minus\" viewBox=\"0 0 448 512\" xmlns=\"http:\/\/www.w3.org\/2000\/svg\"><path d=\"M416 208H32c-17.67 0-32 14.33-32 32v32c0 17.67 14.33 32 32 32h384c17.67 0 32-14.33 32-32v-32c0-17.67-14.33-32-32-32z\"><\/path><\/svg><\/span>\n\t\t\t<span class='e-closed'><svg aria-hidden=\"true\" class=\"e-font-icon-svg e-fas-plus\" viewBox=\"0 0 448 512\" xmlns=\"http:\/\/www.w3.org\/2000\/svg\"><path d=\"M416 208H272V64c0-17.67-14.33-32-32-32h-32c-17.67 0-32 14.33-32 32v144H32c-17.67 0-32 14.33-32 32v32c0 17.67 14.33 32 32 32h144v144c0 17.67 14.33 32 32 32h32c17.67 0 32-14.33 32-32V304h144c17.67 0 32-14.33 32-32v-32c0-17.67-14.33-32-32-32z\"><\/path><\/svg><\/span>\n\t\t<\/span>\n\n\t\t\t\t\t\t<\/summary>\n\t\t\t\t<div role=\"region\" aria-labelledby=\"e-n-accordion-item-1521\" class=\"elementor-element elementor-element-5ca2935 e-con-full e-flex magic-button-disabled-no e-con e-child\" data-id=\"5ca2935\" data-element_type=\"container\" data-e-type=\"container\">\n\t\t\t\t<div class=\"elementor-element elementor-element-7d1b359 elementor-widget elementor-widget-text-editor\" data-id=\"7d1b359\" data-element_type=\"widget\" data-e-type=\"widget\" data-widget_type=\"text-editor.default\">\n\t\t\t\t\t\t\t\t\t<iframe src=\"https:\/\/events.dagma.eu\/-\/meeting-link\/embedded\/IyO7qr9D7--1_-J9YM1lL9md0WNvWy3B2ld8ArRlwdOYcJ4mDFrJFVimQY9_Tzl6X570MdRs7dSXq4pwxQm3\" style=\"height: 800px; width:100%;\" frameborder=\"0\"><\/iframe>\t\t\t\t\t\t\t\t<\/div>\n\t\t\t\t<\/div>\n\t\t\t\t\t<\/details>\n\t\t\t\t\t<\/div>\n\t\t\t\t\t\t<\/div>\n\t\t\t\t<\/div>\n\t\t<div class=\"elementor-element elementor-element-a9ce872 e-con-full e-flex magic-button-disabled-no e-con e-child\" data-id=\"a9ce872\" data-element_type=\"container\" data-e-type=\"container\">\n\t\t\t\t<div class=\"elementor-element elementor-element-f8cb7e2 elementor-widget elementor-widget-text-editor\" data-id=\"f8cb7e2\" data-element_type=\"widget\" data-e-type=\"widget\" data-widget_type=\"text-editor.default\">\n\t\t\t\t\t\t\t\t\t<strong>Odkryj i zabezpiecz wszystkie formy wra\u017cliwych danych<\/strong><br\/><br\/>\n\nDzi\u0119ki ujednoliconej klasyfikacji Safetica mo\u017cesz wykrywa\u0107 i chroni\u0107 dane na podstawie zawarto\u015bci, pochodzenia, typu pliku, a nawet klasyfikacji innych firm.\n<br\/><br\/>\n<strong>Dane w spoczynku<\/strong><br\/><br\/>\nSafetica mo\u017ce wyszukiwa\u0107 poufne pliki w wybranych folderach lub stacjach ko\u0144cowych i w udzia\u0142ach sieciowych.<br\/><br\/>\n\n<strong>Dane w ruchu<\/strong><br\/><br\/>\nSafetica mo\u017ce monitorowa\u0107 i klasyfikowa\u0107 operacje u\u017cytkownika wykonywane bezpo\u015brednio na plikach takie jak: eksport, przesy\u0142anie i pobieranie, otwieranie plik\u00f3w, kopiowanie plik\u00f3w do innej \u015bcie\u017cki, przesy\u0142anie plik\u00f3w za po\u015brednictwem przegl\u0105darek internetowych, wysy\u0142anie plik\u00f3w za po\u015brednictwem poczty e-mail lub komunikator\u00f3w internetowych i innych.\t\t\t\t\t\t\t\t<\/div>\n\t\t\t\t<\/div>\n\t\t\t\t\t<\/div>\n\t\t\t\t<\/div>\n\t\t<div class=\"elementor-element elementor-element-3f713a0 e-flex e-con-boxed magic-button-disabled-no e-con e-parent\" data-id=\"3f713a0\" data-element_type=\"container\" data-e-type=\"container\">\n\t\t\t\t\t<div class=\"e-con-inner\">\n\t\t\t\t<div class=\"elementor-element elementor-element-4e9e093 elementor-widget-divider--view-line elementor-widget elementor-widget-divider\" data-id=\"4e9e093\" data-element_type=\"widget\" data-e-type=\"widget\" data-widget_type=\"divider.default\">\n\t\t\t\t\t\t\t<div class=\"elementor-divider\">\n\t\t\t<span class=\"elementor-divider-separator\">\n\t\t\t\t\t\t<\/span>\n\t\t<\/div>\n\t\t\t\t\t\t<\/div>\n\t\t\t\t\t<\/div>\n\t\t\t\t<\/div>\n\t\t<div class=\"elementor-element elementor-element-37161b3 e-flex e-con-boxed magic-button-disabled-no e-con e-parent\" data-id=\"37161b3\" data-element_type=\"container\" data-e-type=\"container\">\n\t\t\t\t\t<div class=\"e-con-inner\">\n\t\t<div class=\"elementor-element elementor-element-392566b e-con-full e-flex magic-button-disabled-no e-con e-child\" data-id=\"392566b\" data-element_type=\"container\" data-e-type=\"container\">\n\t\t\t\t<div class=\"elementor-element elementor-element-01347a0 elementor-widget elementor-widget-heading\" data-id=\"01347a0\" data-element_type=\"widget\" data-e-type=\"widget\" data-widget_type=\"heading.default\">\n\t\t\t\t\t<h2 class=\"elementor-heading-title elementor-size-default\">Wykrywaj zagro\u017cenia wewn\u0119trzne, monitoruj ryzyko i ograniczaj je w oparciu o kontekst behawioralny.<\/h2>\t\t\t\t<\/div>\n\t\t\t\t<div class=\"elementor-element elementor-element-fc32dda elementor-widget elementor-widget-text-editor\" data-id=\"fc32dda\" data-element_type=\"widget\" data-e-type=\"widget\" data-widget_type=\"text-editor.default\">\n\t\t\t\t\t\t\t\t\tZidentyfikuj i oce\u0144 pracownik\u00f3w o wysokim ryzyku<br\/> (w tym tych, kt\u00f3rzy odchodz\u0105, stoj\u0105 w obliczu zwolnie\u0144, pracuj\u0105cych zdalnie lub wykonawc\u00f3w) i zapewnij wskaz\u00f3wki, jak zmodyfikowa\u0107 ich zachowanie, <br\/>aby zapobiec potencjalnym incydentom.<br\/>\nWykrywaj i eliminuj niepo\u017c\u0105dane lub nadmiarowe aplikacje, sprz\u0119t lub urz\u0105dzenia peryferyjne (znane jako niezatwierdzone zasoby IT) w systemie.\t\t\t\t\t\t\t\t<\/div>\n\t\t\t\t<\/div>\n\t\t<div class=\"elementor-element elementor-element-2544e27 e-con-full e-flex magic-button-disabled-no e-con e-child\" data-id=\"2544e27\" data-element_type=\"container\" data-e-type=\"container\">\n\t\t\t\t<div class=\"elementor-element elementor-element-52efd1a elementor-widget elementor-widget-spacer\" data-id=\"52efd1a\" data-element_type=\"widget\" data-e-type=\"widget\" data-widget_type=\"spacer.default\">\n\t\t\t\t\t\t\t<div class=\"elementor-spacer\">\n\t\t\t<div class=\"elementor-spacer-inner\"><\/div>\n\t\t<\/div>\n\t\t\t\t\t\t<\/div>\n\t\t\t\t<div class=\"elementor-element elementor-element-d576c3a elementor-widget elementor-widget-image\" data-id=\"d576c3a\" data-element_type=\"widget\" data-e-type=\"widget\" data-widget_type=\"image.default\">\n\t\t\t\t\t\t\t\t\t\t\t\t\t\t\t<img loading=\"lazy\" decoding=\"async\" width=\"1024\" height=\"812\" src=\"https:\/\/www.bumerank.pl\/wp-content\/uploads\/2026\/03\/safe-02-1024x812.png\" class=\"attachment-large size-large wp-image-284\" alt=\"\" srcset=\"https:\/\/www.bumerank.pl\/wp-content\/uploads\/2026\/03\/safe-02-1024x812.png 1024w, https:\/\/www.bumerank.pl\/wp-content\/uploads\/2026\/03\/safe-02-300x238.png 300w, https:\/\/www.bumerank.pl\/wp-content\/uploads\/2026\/03\/safe-02-768x609.png 768w, https:\/\/www.bumerank.pl\/wp-content\/uploads\/2026\/03\/safe-02-1536x1218.png 1536w, https:\/\/www.bumerank.pl\/wp-content\/uploads\/2026\/03\/safe-02-2048x1624.png 2048w\" sizes=\"auto, (max-width: 1024px) 100vw, 1024px\" \/>\t\t\t\t\t\t\t\t\t\t\t\t\t\t\t<\/div>\n\t\t\t\t<\/div>\n\t\t\t\t\t<\/div>\n\t\t\t\t<\/div>\n\t\t<div class=\"elementor-element elementor-element-0aae535 e-flex e-con-boxed magic-button-disabled-no e-con e-parent\" data-id=\"0aae535\" data-element_type=\"container\" data-e-type=\"container\">\n\t\t\t\t\t<div class=\"e-con-inner\">\n\t\t<div class=\"elementor-element elementor-element-b6e2496 e-con-full e-flex magic-button-disabled-no e-con e-child\" data-id=\"b6e2496\" data-element_type=\"container\" data-e-type=\"container\">\n\t\t\t\t<div class=\"elementor-element elementor-element-e95019f elementor-widget elementor-widget-heading\" data-id=\"e95019f\" data-element_type=\"widget\" data-e-type=\"widget\" data-widget_type=\"heading.default\">\n\t\t\t\t\t<h2 class=\"elementor-heading-title elementor-size-default\">Zapobiegaj wyciekom danych w chmurze<br \/> i zabezpieczaj je.<\/h2>\t\t\t\t<\/div>\n\t\t\t\t<div class=\"elementor-element elementor-element-17a7743 elementor-widget elementor-widget-text-editor\" data-id=\"17a7743\" data-element_type=\"widget\" data-e-type=\"widget\" data-widget_type=\"text-editor.default\">\n\t\t\t\t\t\t\t\t\t&#8211; Zapewnij bezproblemow\u0105 integracj\u0119 z platform\u0105 Microsoft 365.<br\/><br\/>\n&#8211; Monitoruj i przeprowadzaj audyty przesy\u0142ania i pobierania plik\u00f3w na platformy w chmurze.<br\/><br\/>\n&#8211; Zaimplementuj \u015brodk\u00f3w zakazuj\u0105ce przesy\u0142ania poufnych plik\u00f3w do pami\u0119ci w chmurze<br\/> i us\u0142ug poczty e-mail w chmurze.\t\t\t\t\t\t\t\t<\/div>\n\t\t\t\t<\/div>\n\t\t<div class=\"elementor-element elementor-element-fb30ed1 e-con-full e-flex magic-button-disabled-no e-con e-child\" data-id=\"fb30ed1\" data-element_type=\"container\" data-e-type=\"container\">\n\t\t\t\t<div class=\"elementor-element elementor-element-308e049 elementor-widget elementor-widget-heading\" data-id=\"308e049\" data-element_type=\"widget\" data-e-type=\"widget\" data-widget_type=\"heading.default\">\n\t\t\t\t\t<h2 class=\"elementor-heading-title elementor-size-default\">Intuicyjne zarz\u0105dzanie bezpiecze\u0144stwem<\/h2>\t\t\t\t<\/div>\n\t\t\t\t<div class=\"elementor-element elementor-element-5d4cf65 elementor-widget elementor-widget-text-editor\" data-id=\"5d4cf65\" data-element_type=\"widget\" data-e-type=\"widget\" data-widget_type=\"text-editor.default\">\n\t\t\t\t\t\t\t\t\tSafetica ONE oferuje przejrzyst\u0105 konsol\u0119, kt\u00f3ra pozwala szybko dostosowywa\u0107 polityki, reagowa\u0107 na incydenty <br\/>i kontrolowa\u0107 przep\u0142ywy danych.<br\/><br\/>\n\n<strong>Szybkie i elastyczne wdro\u017cenie<\/strong><br\/>\nRozwi\u0105zanie mo\u017cna wdro\u017cy\u0107 w \u015brodowisku lokalnym, chmurowym i hybrydowym \u2014 zgodnie z potrzebami firmy.<br\/><br\/>\n\n<strong>Ochrona od pierwszego dnia<\/strong><br\/>\nGotowe polityki bezpiecze\u0144stwa pozwalaj\u0105 natychmiast rozpocz\u0105\u0107 monitorowanie i blokowanie niebezpiecznych dzia\u0142a\u0144.\t\t\t\t\t\t\t\t<\/div>\n\t\t\t\t<\/div>\n\t\t\t\t\t<\/div>\n\t\t\t\t<\/div>\n\t\t<div class=\"elementor-element elementor-element-086bb69 e-flex e-con-boxed magic-button-disabled-no e-con e-parent\" data-id=\"086bb69\" data-element_type=\"container\" data-e-type=\"container\">\n\t\t\t\t\t<div class=\"e-con-inner\">\n\t\t\t\t<div class=\"elementor-element elementor-element-913b973 elementor-widget-divider--view-line elementor-widget elementor-widget-divider\" data-id=\"913b973\" data-element_type=\"widget\" data-e-type=\"widget\" data-widget_type=\"divider.default\">\n\t\t\t\t\t\t\t<div class=\"elementor-divider\">\n\t\t\t<span class=\"elementor-divider-separator\">\n\t\t\t\t\t\t<\/span>\n\t\t<\/div>\n\t\t\t\t\t\t<\/div>\n\t\t\t\t\t<\/div>\n\t\t\t\t<\/div>\n\t\t<div class=\"elementor-element elementor-element-b3d1414 e-flex e-con-boxed magic-button-disabled-no e-con e-parent\" data-id=\"b3d1414\" data-element_type=\"container\" data-e-type=\"container\">\n\t\t\t\t\t<div class=\"e-con-inner\">\n\t\t<div class=\"elementor-element elementor-element-6fa17d5 e-con-full e-flex magic-button-disabled-no e-con e-child\" data-id=\"6fa17d5\" data-element_type=\"container\" data-e-type=\"container\">\n\t\t\t\t<div class=\"elementor-element elementor-element-2b2e7bd elementor-widget elementor-widget-heading\" data-id=\"2b2e7bd\" data-element_type=\"widget\" data-e-type=\"widget\" data-widget_type=\"heading.default\">\n\t\t\t\t\t<h2 class=\"elementor-heading-title elementor-size-default\">Bezproblemowa integracja z istniej\u0105cymi ekosystemami<\/h2>\t\t\t\t<\/div>\n\t\t\t\t<\/div>\n\t\t<div class=\"elementor-element elementor-element-e33ad1b e-con-full e-flex magic-button-disabled-no e-con e-child\" data-id=\"e33ad1b\" data-element_type=\"container\" data-e-type=\"container\">\n\t\t\t\t<div class=\"elementor-element elementor-element-57e6f6a elementor-widget elementor-widget-text-editor\" data-id=\"57e6f6a\" data-element_type=\"widget\" data-e-type=\"widget\" data-widget_type=\"text-editor.default\">\n\t\t\t\t\t\t\t\t\tKompleksowe rozwi\u0105zanie p\u0142ynnie integruje si\u0119\nz istniej\u0105cymi systemami bezpiecze\u0144stwa w celu ochrony \u015brodowisk korporacyjnych. Dane s\u0105 chronione we wszystkich punktach ko\u0144cowych, urz\u0105dzeniach, g\u0142\u00f3wnych systemach operacyjnych (Windows, macOS) i \u015brodowiskach chmurowych, w tym w obwodach\ni strefach wewn\u0119trznych.\n\n\t\t\t\t\t\t\t\t<\/div>\n\t\t\t\t<\/div>\n\t\t<div class=\"elementor-element elementor-element-5f07681 e-con-full e-flex magic-button-disabled-no e-con e-child\" data-id=\"5f07681\" data-element_type=\"container\" data-e-type=\"container\">\n\t\t\t\t<div class=\"elementor-element elementor-element-b0ef166 elementor-widget elementor-widget-text-editor\" data-id=\"b0ef166\" data-element_type=\"widget\" data-e-type=\"widget\" data-widget_type=\"text-editor.default\">\n\t\t\t\t\t\t\t\t\tKontrolowane zdarzenia i dzienniki mog\u0105 by\u0107 automatycznie przekazywane do rozwi\u0105za\u0144 SIEM, takich jak Splunk, IBM QRadar, LogRhythm\nlub ArcSight w celu dok\u0142adniejszego zbadania. Dodatkowo, interfejs REST API u\u0142atwia przesy\u0142anie danych do narz\u0119dzi takich jak Power BI lub Tableau\nw celu zaawansowanej analizy\t\t\t\t\t\t\t\t<\/div>\n\t\t\t\t<\/div>\n\t\t<div class=\"elementor-element elementor-element-e3b622b e-con-full e-flex magic-button-disabled-no e-con e-child\" data-id=\"e3b622b\" data-element_type=\"container\" data-e-type=\"container\">\n\t\t\t\t<div class=\"elementor-element elementor-element-04ac1f5 elementor-widget-divider--view-line elementor-widget elementor-widget-divider\" data-id=\"04ac1f5\" data-element_type=\"widget\" data-e-type=\"widget\" data-widget_type=\"divider.default\">\n\t\t\t\t\t\t\t<div class=\"elementor-divider\">\n\t\t\t<span class=\"elementor-divider-separator\">\n\t\t\t\t\t\t<\/span>\n\t\t<\/div>\n\t\t\t\t\t\t<\/div>\n\t\t\t\t<div class=\"elementor-element elementor-element-5cedb1d elementor-widget elementor-widget-text-editor\" data-id=\"5cedb1d\" data-element_type=\"widget\" data-e-type=\"widget\" data-widget_type=\"text-editor.default\">\n\t\t\t\t\t\t\t\t\tIntegracja z Microsoft 365 zwi\u0119ksza mo\u017cliwo\u015bci audytu oraz ochrony wiadomo\u015bci e-mail i plik\u00f3w przechowywanych w chmurze.\t\t\t\t\t\t\t\t<\/div>\n\t\t\t\t<\/div>\n\t\t\t\t\t<\/div>\n\t\t\t\t<\/div>\n\t\t<div class=\"elementor-element elementor-element-8610efa e-flex e-con-boxed magic-button-disabled-no e-con e-parent\" data-id=\"8610efa\" data-element_type=\"container\" data-e-type=\"container\">\n\t\t\t\t\t<div class=\"e-con-inner\">\n\t\t<div class=\"elementor-element elementor-element-081632f e-con-full e-flex magic-button-disabled-no e-con e-child\" data-id=\"081632f\" data-element_type=\"container\" data-e-type=\"container\">\n\t\t\t\t<\/div>\n\t\t\t\t\t<\/div>\n\t\t\t\t<\/div>\n\t\t<div class=\"elementor-element elementor-element-e70a5db e-flex e-con-boxed magic-button-disabled-no e-con e-parent\" data-id=\"e70a5db\" data-element_type=\"container\" data-e-type=\"container\">\n\t\t\t\t\t<div class=\"e-con-inner\">\n\t\t\t\t\t<\/div>\n\t\t\t\t<\/div>\n\t\t\t\t<\/div>\n\t\t","protected":false},"excerpt":{"rendered":"<p>CYBERBEZPIECZE\u0143STWO Technologia to nasza druga natura Systemy DLP dla firm. Skuteczna ochrona danych z Safetic Przejmij pe\u0142n\u0105 kontrol\u0119 nad bezpiecze\u0144stwem danych z systemem DLP Dzi\u0119ki nowoczesnym systemom DLP mo\u017cesz w pe\u0142ni kontrolowa\u0107 bezpiecze\u0144stwo wra\u017cliwych danych \u2013 od ich lokalizacji, przez wykrywanie zagro\u017ce\u0144, po reagowanie na incydenty. Webinarium Safetica &#8211; pocz\u0105tki z DLP, czyli jak rozpocz\u0105\u0107 [&hellip;]<\/p>\n","protected":false},"author":1,"featured_media":0,"parent":0,"menu_order":0,"comment_status":"closed","ping_status":"closed","template":"elementor_canvas","meta":{"footnotes":""},"class_list":["post-281","page","type-page","status-publish","hentry"],"_links":{"self":[{"href":"https:\/\/www.bumerank.pl\/index.php?rest_route=\/wp\/v2\/pages\/281","targetHints":{"allow":["GET"]}}],"collection":[{"href":"https:\/\/www.bumerank.pl\/index.php?rest_route=\/wp\/v2\/pages"}],"about":[{"href":"https:\/\/www.bumerank.pl\/index.php?rest_route=\/wp\/v2\/types\/page"}],"author":[{"embeddable":true,"href":"https:\/\/www.bumerank.pl\/index.php?rest_route=\/wp\/v2\/users\/1"}],"replies":[{"embeddable":true,"href":"https:\/\/www.bumerank.pl\/index.php?rest_route=%2Fwp%2Fv2%2Fcomments&post=281"}],"version-history":[{"count":16,"href":"https:\/\/www.bumerank.pl\/index.php?rest_route=\/wp\/v2\/pages\/281\/revisions"}],"predecessor-version":[{"id":361,"href":"https:\/\/www.bumerank.pl\/index.php?rest_route=\/wp\/v2\/pages\/281\/revisions\/361"}],"wp:attachment":[{"href":"https:\/\/www.bumerank.pl\/index.php?rest_route=%2Fwp%2Fv2%2Fmedia&parent=281"}],"curies":[{"name":"wp","href":"https:\/\/api.w.org\/{rel}","templated":true}]}}