{"id":302,"date":"2026-03-24T18:06:23","date_gmt":"2026-03-24T17:06:23","guid":{"rendered":"https:\/\/www.bumerank.pl\/?page_id=302"},"modified":"2026-03-25T09:42:56","modified_gmt":"2026-03-25T08:42:56","slug":"safetica-system-dlp-2","status":"publish","type":"page","link":"https:\/\/www.bumerank.pl\/?page_id=302","title":{"rendered":"Stormshield"},"content":{"rendered":"\t\t<div data-elementor-type=\"wp-page\" data-elementor-id=\"302\" class=\"elementor elementor-302\" data-elementor-post-type=\"page\">\n\t\t\t\t<div class=\"elementor-element elementor-element-d574537 e-flex e-con-boxed magic-button-disabled-no e-con e-parent\" data-id=\"d574537\" data-element_type=\"container\" data-e-type=\"container\">\n\t\t\t\t\t<div class=\"e-con-inner\">\n\t\t<div class=\"elementor-element elementor-element-1b8e596 e-con-full e-flex magic-button-disabled-no e-con e-child\" data-id=\"1b8e596\" data-element_type=\"container\" data-e-type=\"container\">\n\t\t\t\t<div class=\"elementor-element elementor-element-f767419 elementor-widget elementor-widget-image\" data-id=\"f767419\" data-element_type=\"widget\" data-e-type=\"widget\" data-widget_type=\"image.default\">\n\t\t\t\t\t\t\t\t\t\t\t\t\t\t\t\t<a href=\"https:\/\/www.bumerank.pl\/\">\n\t\t\t\t\t\t\t<img loading=\"lazy\" decoding=\"async\" width=\"688\" height=\"185\" src=\"https:\/\/www.bumerank.pl\/wp-content\/uploads\/2026\/01\/cropped-KURS-22.png\" class=\"attachment-large size-large wp-image-254\" alt=\"\" srcset=\"https:\/\/www.bumerank.pl\/wp-content\/uploads\/2026\/01\/cropped-KURS-22.png 688w, https:\/\/www.bumerank.pl\/wp-content\/uploads\/2026\/01\/cropped-KURS-22-300x81.png 300w\" sizes=\"auto, (max-width: 688px) 100vw, 688px\" \/>\t\t\t\t\t\t\t\t<\/a>\n\t\t\t\t\t\t\t\t\t\t\t\t\t\t\t<\/div>\n\t\t\t\t<\/div>\n\t\t<div class=\"elementor-element elementor-element-aa272ea e-con-full e-flex magic-button-disabled-no e-con e-child\" data-id=\"aa272ea\" data-element_type=\"container\" data-e-type=\"container\">\n\t\t\t\t<div class=\"elementor-element elementor-element-958528b elementor-widget elementor-widget-heading\" data-id=\"958528b\" data-element_type=\"widget\" data-e-type=\"widget\" data-widget_type=\"heading.default\">\n\t\t\t\t\t<h2 class=\"elementor-heading-title elementor-size-default\">CYBERBEZPIECZE\u0143STWO<\/h2>\t\t\t\t<\/div>\n\t\t\t\t<div class=\"elementor-element elementor-element-37450a2 elementor-widget elementor-widget-heading\" data-id=\"37450a2\" data-element_type=\"widget\" data-e-type=\"widget\" data-widget_type=\"heading.default\">\n\t\t\t\t\t<h2 class=\"elementor-heading-title elementor-size-default\">Technologia to nasza druga natura<\/h2>\t\t\t\t<\/div>\n\t\t\t\t<\/div>\n\t\t\t\t\t<\/div>\n\t\t\t\t<\/div>\n\t\t<div class=\"elementor-element elementor-element-63858c5 e-flex e-con-boxed magic-button-disabled-no e-con e-parent\" data-id=\"63858c5\" data-element_type=\"container\" data-e-type=\"container\">\n\t\t\t\t\t<div class=\"e-con-inner\">\n\t\t\t\t<div class=\"elementor-element elementor-element-b16825d elementor-widget elementor-widget-image\" data-id=\"b16825d\" data-element_type=\"widget\" data-e-type=\"widget\" data-widget_type=\"image.default\">\n\t\t\t\t\t\t\t\t\t\t\t\t\t\t\t<img loading=\"lazy\" decoding=\"async\" width=\"2000\" height=\"600\" src=\"https:\/\/www.bumerank.pl\/wp-content\/uploads\/2026\/03\/Nature-Lovers-Simple-Full-Photo-Green-LinkedIn-Banner.png\" class=\"attachment-full size-full wp-image-331\" alt=\"\" srcset=\"https:\/\/www.bumerank.pl\/wp-content\/uploads\/2026\/03\/Nature-Lovers-Simple-Full-Photo-Green-LinkedIn-Banner.png 2000w, https:\/\/www.bumerank.pl\/wp-content\/uploads\/2026\/03\/Nature-Lovers-Simple-Full-Photo-Green-LinkedIn-Banner-300x90.png 300w, https:\/\/www.bumerank.pl\/wp-content\/uploads\/2026\/03\/Nature-Lovers-Simple-Full-Photo-Green-LinkedIn-Banner-1024x307.png 1024w, https:\/\/www.bumerank.pl\/wp-content\/uploads\/2026\/03\/Nature-Lovers-Simple-Full-Photo-Green-LinkedIn-Banner-768x230.png 768w, https:\/\/www.bumerank.pl\/wp-content\/uploads\/2026\/03\/Nature-Lovers-Simple-Full-Photo-Green-LinkedIn-Banner-1536x461.png 1536w\" sizes=\"auto, (max-width: 2000px) 100vw, 2000px\" \/>\t\t\t\t\t\t\t\t\t\t\t\t\t\t\t<\/div>\n\t\t\t\t\t<\/div>\n\t\t\t\t<\/div>\n\t\t<div class=\"elementor-element elementor-element-0e1d0d0 e-flex e-con-boxed magic-button-disabled-no e-con e-parent\" data-id=\"0e1d0d0\" data-element_type=\"container\" data-e-type=\"container\">\n\t\t\t\t\t<div class=\"e-con-inner\">\n\t\t\t\t<div class=\"elementor-element elementor-element-f8cb7e2 elementor-widget elementor-widget-text-editor\" data-id=\"f8cb7e2\" data-element_type=\"widget\" data-e-type=\"widget\" data-widget_type=\"text-editor.default\">\n\t\t\t\t\t\t\t\t\t<p>Dlaczego nasze rozwi\u0105zania s\u0105 jednymi z najcz\u0119\u015bciej wybieranych zabezpiecze\u0144 typu UTM na rynku?<br \/>Firewall, system wykrywania i blokowania w\u0142ama\u0144 IPS, VPN, system antywirusowy i antyspamowy, system filtrowania dost\u0119pu do stron internetowych, kontrola aplikacji i urzadze\u0144 mobilnych, oraz raportowania to podstawowa funkcjonalno\u015b\u0107 urz\u0105dze\u0144 Stormshield, kt\u00f3re zapewniaj\u0105 kompletn\u0105 ochron\u0119 sieci.<\/p>\t\t\t\t\t\t\t\t<\/div>\n\t\t\t\t\t<\/div>\n\t\t\t\t<\/div>\n\t\t<div class=\"elementor-element elementor-element-c5aeb74 e-flex e-con-boxed magic-button-disabled-no e-con e-parent\" data-id=\"c5aeb74\" data-element_type=\"container\" data-e-type=\"container\">\n\t\t\t\t\t<div class=\"e-con-inner\">\n\t\t<div class=\"elementor-element elementor-element-5895c76 e-con-full e-flex magic-button-disabled-no e-con e-child\" data-id=\"5895c76\" data-element_type=\"container\" data-e-type=\"container\">\n\t\t\t\t<div class=\"elementor-element elementor-element-84ad877 elementor-widget elementor-widget-heading\" data-id=\"84ad877\" data-element_type=\"widget\" data-e-type=\"widget\" data-widget_type=\"heading.default\">\n\t\t\t\t\t<h2 class=\"elementor-heading-title elementor-size-default\">Zintegrowany System Ochrony Sieci klasy Next Generation Firewall i UTM<\/h2>\t\t\t\t<\/div>\n\t\t\t\t<div class=\"elementor-element elementor-element-bdb298b elementor-align-justify elementor-widget elementor-widget-button\" data-id=\"bdb298b\" data-element_type=\"widget\" data-e-type=\"widget\" data-widget_type=\"button.default\">\n\t\t\t\t\t\t\t\t\t\t<a class=\"elementor-button elementor-button-link elementor-size-sm\" href=\"#\">\n\t\t\t\t\t\t<span class=\"elementor-button-content-wrapper\">\n\t\t\t\t\t\t\t\t\t<span class=\"elementor-button-text\">Webinarium <\/span>\n\t\t\t\t\t<\/span>\n\t\t\t\t\t<\/a>\n\t\t\t\t\t\t\t\t<\/div>\n\t\t\t\t<div class=\"elementor-element elementor-element-0181401 elementor-widget elementor-widget-n-accordion\" data-id=\"0181401\" data-element_type=\"widget\" data-e-type=\"widget\" data-settings=\"{&quot;default_state&quot;:&quot;all_collapsed&quot;,&quot;max_items_expended&quot;:&quot;one&quot;,&quot;n_accordion_animation_duration&quot;:{&quot;unit&quot;:&quot;ms&quot;,&quot;size&quot;:400,&quot;sizes&quot;:[]}}\" data-widget_type=\"nested-accordion.default\">\n\t\t\t\t\t\t\t<div class=\"e-n-accordion\" aria-label=\"Accordion. Open links with Enter or Space, close with Escape, and navigate with Arrow Keys\">\n\t\t\t\t\t\t<details id=\"e-n-accordion-item-1570\" class=\"e-n-accordion-item\" >\n\t\t\t\t<summary class=\"e-n-accordion-item-title\" data-accordion-index=\"1\" tabindex=\"0\" aria-expanded=\"false\" aria-controls=\"e-n-accordion-item-1570\" >\n\t\t\t\t\t<span class='e-n-accordion-item-title-header'><div class=\"e-n-accordion-item-title-text\"> Stormshield w praktyce: pe\u0142na konfiguracja NGFW, ochrona IT\/OT i praktyczne scenariusze wdro\u017ce\u0144\/ czas 1h 20min <\/div><\/span>\n\t\t\t\t\t\t\t<span class='e-n-accordion-item-title-icon'>\n\t\t\t<span class='e-opened' ><svg aria-hidden=\"true\" class=\"e-font-icon-svg e-fas-minus\" viewBox=\"0 0 448 512\" xmlns=\"http:\/\/www.w3.org\/2000\/svg\"><path d=\"M416 208H32c-17.67 0-32 14.33-32 32v32c0 17.67 14.33 32 32 32h384c17.67 0 32-14.33 32-32v-32c0-17.67-14.33-32-32-32z\"><\/path><\/svg><\/span>\n\t\t\t<span class='e-closed'><svg aria-hidden=\"true\" class=\"e-font-icon-svg e-fas-plus\" viewBox=\"0 0 448 512\" xmlns=\"http:\/\/www.w3.org\/2000\/svg\"><path d=\"M416 208H272V64c0-17.67-14.33-32-32-32h-32c-17.67 0-32 14.33-32 32v144H32c-17.67 0-32 14.33-32 32v32c0 17.67 14.33 32 32 32h144v144c0 17.67 14.33 32 32 32h32c17.67 0 32-14.33 32-32V304h144c17.67 0 32-14.33 32-32v-32c0-17.67-14.33-32-32-32z\"><\/path><\/svg><\/span>\n\t\t<\/span>\n\n\t\t\t\t\t\t<\/summary>\n\t\t\t\t<div role=\"region\" aria-labelledby=\"e-n-accordion-item-1570\" class=\"elementor-element elementor-element-a856b81 e-con-full e-flex magic-button-disabled-no e-con e-child\" data-id=\"a856b81\" data-element_type=\"container\" data-e-type=\"container\">\n\t\t\t\t<div class=\"elementor-element elementor-element-1827eb9 elementor-widget elementor-widget-text-editor\" data-id=\"1827eb9\" data-element_type=\"widget\" data-e-type=\"widget\" data-widget_type=\"text-editor.default\">\n\t\t\t\t\t\t\t\t\t<iframe src=\"https:\/\/events.dagma.eu\/-\/meeting-link\/embedded\/5EsMCZCvH2fopMQl92SXQoZAw4nfg72WVQ2bVdTs8ru7YT-x1vIQFWP-j65XcC3d_llkvRhhEmn_-a1oGo4a\" style=\"height: 800px; width:100%;\" frameborder=\"0\"><\/iframe>\t\t\t\t\t\t\t\t<\/div>\n\t\t\t\t<\/div>\n\t\t\t\t\t<\/details>\n\t\t\t\t\t\t<details id=\"e-n-accordion-item-1571\" class=\"e-n-accordion-item\" >\n\t\t\t\t<summary class=\"e-n-accordion-item-title\" data-accordion-index=\"2\" tabindex=\"-1\" aria-expanded=\"false\" aria-controls=\"e-n-accordion-item-1571\" >\n\t\t\t\t\t<span class='e-n-accordion-item-title-header'><div class=\"e-n-accordion-item-title-text\"> Kontroluj logi z nowym rozwi\u0105zaniem Stormshield Log Supervisor 30 min <\/div><\/span>\n\t\t\t\t\t\t\t<span class='e-n-accordion-item-title-icon'>\n\t\t\t<span class='e-opened' ><svg aria-hidden=\"true\" class=\"e-font-icon-svg e-fas-minus\" viewBox=\"0 0 448 512\" xmlns=\"http:\/\/www.w3.org\/2000\/svg\"><path d=\"M416 208H32c-17.67 0-32 14.33-32 32v32c0 17.67 14.33 32 32 32h384c17.67 0 32-14.33 32-32v-32c0-17.67-14.33-32-32-32z\"><\/path><\/svg><\/span>\n\t\t\t<span class='e-closed'><svg aria-hidden=\"true\" class=\"e-font-icon-svg e-fas-plus\" viewBox=\"0 0 448 512\" xmlns=\"http:\/\/www.w3.org\/2000\/svg\"><path d=\"M416 208H272V64c0-17.67-14.33-32-32-32h-32c-17.67 0-32 14.33-32 32v144H32c-17.67 0-32 14.33-32 32v32c0 17.67 14.33 32 32 32h144v144c0 17.67 14.33 32 32 32h32c17.67 0 32-14.33 32-32V304h144c17.67 0 32-14.33 32-32v-32c0-17.67-14.33-32-32-32z\"><\/path><\/svg><\/span>\n\t\t<\/span>\n\n\t\t\t\t\t\t<\/summary>\n\t\t\t\t<div role=\"region\" aria-labelledby=\"e-n-accordion-item-1571\" class=\"elementor-element elementor-element-7f250f1 e-flex e-con-boxed magic-button-disabled-no e-con e-child\" data-id=\"7f250f1\" data-element_type=\"container\" data-e-type=\"container\">\n\t\t\t\t\t<div class=\"e-con-inner\">\n\t\t\t\t<div class=\"elementor-element elementor-element-4d71a51 elementor-widget elementor-widget-text-editor\" data-id=\"4d71a51\" data-element_type=\"widget\" data-e-type=\"widget\" data-widget_type=\"text-editor.default\">\n\t\t\t\t\t\t\t\t\t<iframe src=\"https:\/\/events.dagma.eu\/-\/meeting-link\/embedded\/LhMvHEsbIInhe3L9vFZ0Gx2Xgxk7YIbOOciCaXH27R3jlBKSJO6M26ef5YTkvAtqyxSFJ8wQTcrzB0accmc=\" style=\"height: 800px; width:100%;\" frameborder=\"0\"><\/iframe>\t\t\t\t\t\t\t\t<\/div>\n\t\t\t\t\t<\/div>\n\t\t\t\t<\/div>\n\t\t\t\t\t<\/details>\n\t\t\t\t\t<\/div>\n\t\t\t\t\t\t<\/div>\n\t\t\t\t<\/div>\n\t\t<div class=\"elementor-element elementor-element-a9ce872 e-con-full e-flex magic-button-disabled-no e-con e-child\" data-id=\"a9ce872\" data-element_type=\"container\" data-e-type=\"container\">\n\t\t\t\t<div class=\"elementor-element elementor-element-7efebe8 elementor-widget elementor-widget-text-editor\" data-id=\"7efebe8\" data-element_type=\"widget\" data-e-type=\"widget\" data-widget_type=\"text-editor.default\">\n\t\t\t\t\t\t\t\t\t<p>Stormshield, nale\u017c\u0105cy do koncernu Airbus Group, to europejski producent rozwi\u0105za\u0144 klasy UTM i Next Gen Firewall. Dzi\u0119ki zastosowaniu unikatowej architektury, produkty tej firmy od lat s\u0142yn\u0105 z wysokiej wydajno\u015bci i skutecznej ochrony.<\/p><p>Innowacyjne podej\u015bcie do systemu IPS sprawia, \u017ce rozwi\u0105zania Stormshield nie tylko blokuj\u0105 niebezpieczny ruch, ale r\u00f3wnie\u017c usuwaj\u0105 szkodliw\u0105 zawarto\u015b\u0107 z kodu HTML i dostarczaj\u0105 pracownikom bezpieczne strony WWW. Naszym klientom oferujemy bezp\u0142atny support techniczny w j\u0119zyku polskim.<\/p>\t\t\t\t\t\t\t\t<\/div>\n\t\t\t\t<\/div>\n\t\t\t\t\t<\/div>\n\t\t\t\t<\/div>\n\t\t<div class=\"elementor-element elementor-element-086bb69 e-flex e-con-boxed magic-button-disabled-no e-con e-parent\" data-id=\"086bb69\" data-element_type=\"container\" data-e-type=\"container\">\n\t\t\t\t\t<div class=\"e-con-inner\">\n\t\t\t\t<div class=\"elementor-element elementor-element-913b973 elementor-widget-divider--view-line elementor-widget elementor-widget-divider\" data-id=\"913b973\" data-element_type=\"widget\" data-e-type=\"widget\" data-widget_type=\"divider.default\">\n\t\t\t\t\t\t\t<div class=\"elementor-divider\">\n\t\t\t<span class=\"elementor-divider-separator\">\n\t\t\t\t\t\t<\/span>\n\t\t<\/div>\n\t\t\t\t\t\t<\/div>\n\t\t\t\t\t<\/div>\n\t\t\t\t<\/div>\n\t\t<div class=\"elementor-element elementor-element-ad80a04 e-flex e-con-boxed magic-button-disabled-no e-con e-parent\" data-id=\"ad80a04\" data-element_type=\"container\" data-e-type=\"container\">\n\t\t\t\t\t<div class=\"e-con-inner\">\n\t\t<div class=\"elementor-element elementor-element-580662f e-con-full e-flex magic-button-disabled-no e-con e-child\" data-id=\"580662f\" data-element_type=\"container\" data-e-type=\"container\">\n\t\t\t\t<div class=\"elementor-element elementor-element-2b2e7bd elementor-widget elementor-widget-heading\" data-id=\"2b2e7bd\" data-element_type=\"widget\" data-e-type=\"widget\" data-widget_type=\"heading.default\">\n\t\t\t\t\t<h2 class=\"elementor-heading-title elementor-size-default\">Wydajno\u015b\u0107<\/h2>\t\t\t\t<\/div>\n\t\t\t\t<div class=\"elementor-element elementor-element-b0ef166 elementor-widget elementor-widget-text-editor\" data-id=\"b0ef166\" data-element_type=\"widget\" data-e-type=\"widget\" data-widget_type=\"text-editor.default\">\n\t\t\t\t\t\t\t\t\tOchrona sieci jeszcze nigdy nie by\u0142a tak bardzo zale\u017cna od mocy obliczeniowej wykorzystywanych rozwi\u0105za\u0144. Niezale\u017cnie od tego czy potrzebujesz funkcji firewalla, IPS, VPN, filtrowania stron internetowych czy sandboxingu, Stormshield dostarcza najwy\u017csz\u0105 wydajno\u015b\u0107 oraz najskuteczniejsze funkcje bezpiecze\u0144stwa w swojej klasie, zarz\u0105dzane zdalnie z poziomu bezpiecznej konsoli internetowej.\t\t\t\t\t\t\t\t<\/div>\n\t\t\t\t<\/div>\n\t\t<div class=\"elementor-element elementor-element-0825c58 e-con-full e-flex magic-button-disabled-no e-con e-child\" data-id=\"0825c58\" data-element_type=\"container\" data-e-type=\"container\">\n\t\t\t\t<div class=\"elementor-element elementor-element-12b739c elementor-widget elementor-widget-heading\" data-id=\"12b739c\" data-element_type=\"widget\" data-e-type=\"widget\" data-widget_type=\"heading.default\">\n\t\t\t\t\t<h2 class=\"elementor-heading-title elementor-size-default\">Skalowalno\u015b\u0107<\/h2>\t\t\t\t<\/div>\n\t\t\t\t<div class=\"elementor-element elementor-element-2f329de elementor-widget elementor-widget-text-editor\" data-id=\"2f329de\" data-element_type=\"widget\" data-e-type=\"widget\" data-widget_type=\"text-editor.default\">\n\t\t\t\t\t\t\t\t\tRozwi\u0105zania z zakresu cyberbezpiecze\u0144stwa to inwestycja na lata. Z tego powodu produkty Stormshield Network Security zosta\u0142y zaprojektowane w taki spos\u00f3b, by w przysz\u0142o\u015bci mog\u0142y zosta\u0107 rozbudowane o kolejne modu\u0142y i funkcje, dostosowuj\u0105c je do stale zmieniaj\u0105cych si\u0119 potrzeb Twojej firmy.\t\t\t\t\t\t\t\t<\/div>\n\t\t\t\t<\/div>\n\t\t<div class=\"elementor-element elementor-element-285dc1d e-con-full e-flex magic-button-disabled-no e-con e-child\" data-id=\"285dc1d\" data-element_type=\"container\" data-e-type=\"container\">\n\t\t\t\t<div class=\"elementor-element elementor-element-ec4670e elementor-widget elementor-widget-heading\" data-id=\"ec4670e\" data-element_type=\"widget\" data-e-type=\"widget\" data-widget_type=\"heading.default\">\n\t\t\t\t\t<h2 class=\"elementor-heading-title elementor-size-default\">Wygoda<\/h2>\t\t\t\t<\/div>\n\t\t\t\t<div class=\"elementor-element elementor-element-e6e0a5c elementor-widget elementor-widget-text-editor\" data-id=\"e6e0a5c\" data-element_type=\"widget\" data-e-type=\"widget\" data-widget_type=\"text-editor.default\">\n\t\t\t\t\t\t\t\t\tW czasach rosn\u0105cej popularno\u015bci modelu przynie\u015b w\u0142asne urz\u0105dzenie kontrola u\u017cytkownik\u00f3w staje si\u0119 coraz trudniejsza, szczeg\u00f3lnie gdy chcemy stworzy\u0107 nowoczesn\u0105, elastyczn\u0105 firm\u0119, id\u0105c\u0105 z duchem czasu. Skuteczna ochrona wymaga w tej sytuacji rozwi\u0105za\u0144, kt\u00f3re pozwol\u0105 na komfortow\u0105 prac\u0119 zar\u00f3wno u\u017cytkownikom, jak i administratorom.\t\t\t\t\t\t\t\t<\/div>\n\t\t\t\t<\/div>\n\t\t\t\t\t<\/div>\n\t\t\t\t<\/div>\n\t\t<div class=\"elementor-element elementor-element-8610efa e-flex e-con-boxed magic-button-disabled-no e-con e-parent\" data-id=\"8610efa\" data-element_type=\"container\" data-e-type=\"container\">\n\t\t\t\t\t<div class=\"e-con-inner\">\n\t\t<div class=\"elementor-element elementor-element-081632f e-con-full e-flex magic-button-disabled-no e-con e-child\" data-id=\"081632f\" data-element_type=\"container\" data-e-type=\"container\">\n\t\t\t\t<\/div>\n\t\t\t\t\t<\/div>\n\t\t\t\t<\/div>\n\t\t<div class=\"elementor-element elementor-element-e70a5db e-flex e-con-boxed magic-button-disabled-no e-con e-parent\" data-id=\"e70a5db\" data-element_type=\"container\" data-e-type=\"container\">\n\t\t\t\t\t<div class=\"e-con-inner\">\n\t\t\t\t<div class=\"elementor-element elementor-element-187249e elementor-widget elementor-widget-text-editor\" data-id=\"187249e\" data-element_type=\"widget\" data-e-type=\"widget\" data-widget_type=\"text-editor.default\">\n\t\t\t\t\t\t\t\t\tWersje wirtualne rozwi\u0105za\u0144 Stormshield Network Security oferuj\u0105 ten sam stopie\u0144 ochrony oraz r\u00f3wnie rozbudowane funkcje co ich fizyczne odpowiedniki.\t\t\t\t\t\t\t\t<\/div>\n\t\t\t\t\t<\/div>\n\t\t\t\t<\/div>\n\t\t\t\t<\/div>\n\t\t","protected":false},"excerpt":{"rendered":"<p>CYBERBEZPIECZE\u0143STWO Technologia to nasza druga natura Dlaczego nasze rozwi\u0105zania s\u0105 jednymi z najcz\u0119\u015bciej wybieranych zabezpiecze\u0144 typu UTM na rynku?Firewall, system wykrywania i blokowania w\u0142ama\u0144 IPS, VPN, system antywirusowy i antyspamowy, system filtrowania dost\u0119pu do stron internetowych, kontrola aplikacji i urzadze\u0144 mobilnych, oraz raportowania to podstawowa funkcjonalno\u015b\u0107 urz\u0105dze\u0144 Stormshield, kt\u00f3re zapewniaj\u0105 kompletn\u0105 ochron\u0119 sieci. Zintegrowany System [&hellip;]<\/p>\n","protected":false},"author":1,"featured_media":304,"parent":0,"menu_order":0,"comment_status":"closed","ping_status":"closed","template":"elementor_canvas","meta":{"footnotes":""},"class_list":["post-302","page","type-page","status-publish","has-post-thumbnail","hentry"],"_links":{"self":[{"href":"https:\/\/www.bumerank.pl\/index.php?rest_route=\/wp\/v2\/pages\/302","targetHints":{"allow":["GET"]}}],"collection":[{"href":"https:\/\/www.bumerank.pl\/index.php?rest_route=\/wp\/v2\/pages"}],"about":[{"href":"https:\/\/www.bumerank.pl\/index.php?rest_route=\/wp\/v2\/types\/page"}],"author":[{"embeddable":true,"href":"https:\/\/www.bumerank.pl\/index.php?rest_route=\/wp\/v2\/users\/1"}],"replies":[{"embeddable":true,"href":"https:\/\/www.bumerank.pl\/index.php?rest_route=%2Fwp%2Fv2%2Fcomments&post=302"}],"version-history":[{"count":40,"href":"https:\/\/www.bumerank.pl\/index.php?rest_route=\/wp\/v2\/pages\/302\/revisions"}],"predecessor-version":[{"id":364,"href":"https:\/\/www.bumerank.pl\/index.php?rest_route=\/wp\/v2\/pages\/302\/revisions\/364"}],"wp:featuredmedia":[{"embeddable":true,"href":"https:\/\/www.bumerank.pl\/index.php?rest_route=\/wp\/v2\/media\/304"}],"wp:attachment":[{"href":"https:\/\/www.bumerank.pl\/index.php?rest_route=%2Fwp%2Fv2%2Fmedia&parent=302"}],"curies":[{"name":"wp","href":"https:\/\/api.w.org\/{rel}","templated":true}]}}